{"id":81,"date":"2020-04-13T00:09:58","date_gmt":"2020-04-12T22:09:58","guid":{"rendered":"https:\/\/wordpress.m-b-soft.de\/?page_id=81"},"modified":"2020-04-23T20:37:57","modified_gmt":"2020-04-23T18:37:57","slug":"blog","status":"publish","type":"page","link":"https:\/\/www.m-b-soft.de\/?page_id=81","title":{"rendered":"Blog"},"content":{"rendered":"<h5>Jede gute WebSeite hat heut&#8216; zu Tage einen Blog, habe ich im Lauf der Zeit gelernt. Also muss auch diese Seite einen Blog haben. Aber was genau ist ein Blog und was kommt da rein?<\/h5>\n<p>Tante Google und Onkel <a href=\"https:\/\/de.wikipedia.org\/wiki\/Blog\">Wikipedia<\/a> wissen mehr:<\/p>\n<blockquote>\n<p>Das oder auch der <b>Blog<\/b> \/<span class=\"IPA\"><a title=\"Liste der IPA-Zeichen\" href=\"https:\/\/de.wikipedia.org\/wiki\/Liste_der_IPA-Zeichen\"><span title=\"Aussprache im Internationalen Phonetischen Alphabet (IPA)\">bl\u0254g<\/span><\/a><\/span>\/ oder auch <b>Weblog<\/b> \/<span class=\"IPA\"><a title=\"Liste der IPA-Zeichen\" href=\"https:\/\/de.wikipedia.org\/wiki\/Liste_der_IPA-Zeichen\"><span title=\"Aussprache im Internationalen Phonetischen Alphabet (IPA)\">\u02c8w\u025bb.l\u0254g<\/span><\/a><\/span>\/ (<a class=\"mw-redirect\" title=\"Kofferwort\" href=\"https:\/\/de.wikipedia.org\/wiki\/Kofferwort\">Wortkreuzung<\/a> aus <a title=\"Englische Sprache\" href=\"https:\/\/de.wikipedia.org\/wiki\/Englische_Sprache\">englisch<\/a> <i><a title=\"World Wide Web\" href=\"https:\/\/de.wikipedia.org\/wiki\/World_Wide_Web\">Web<\/a><\/i> und <i>Log<\/i> f\u00fcr <a title=\"Logbuch\" href=\"https:\/\/de.wikipedia.org\/wiki\/Logbuch\">Logbuch<\/a> oder <a title=\"Tagebuch\" href=\"https:\/\/de.wikipedia.org\/wiki\/Tagebuch\">Tagebuch<\/a>) ist ein meist auf einer <a title=\"Website\" href=\"https:\/\/de.wikipedia.org\/wiki\/Website\">Website<\/a> gef\u00fchrtes und damit meist \u00f6ffentlich einsehbares Tagebuch oder <a title=\"Journal (Magazin)\" href=\"https:\/\/de.wikipedia.org\/wiki\/Journal_(Magazin)\">Journal<\/a>, in dem mindestens eine Person, der <a title=\"Blogger\" href=\"https:\/\/de.wikipedia.org\/wiki\/Blogger\">Blogger<\/a>, international auch Weblogger genannt, Aufzeichnungen f\u00fchrt, Sachverhalte protokolliert (\u201epostet\u201c) oder Gedanken niederschreibt. Die T\u00e4tigkeit des Schreibens in einem Blog wird als <i>Bloggen<\/i> bezeichnet. Die <a title=\"Deutsche Nationalbibliothek\" href=\"https:\/\/de.wikipedia.org\/wiki\/Deutsche_Nationalbibliothek\">Deutsche Nationalbibliothek<\/a> bezeichnet Blogs als <a class=\"mw-redirect\" title=\"Netzpublikation\" href=\"https:\/\/de.wikipedia.org\/wiki\/Netzpublikation\">Internetpublikationen<\/a> und vergibt seit Herbst 2013 auch <a title=\"Internationale Standardnummer f\u00fcr fortlaufende Sammelwerke\" href=\"https:\/\/de.wikipedia.org\/wiki\/Internationale_Standardnummer_f%C3%BCr_fortlaufende_Sammelwerke\">ISSNs<\/a> an Weblogs.<\/p>\n<p>Meist ist ein Blog eine chronologisch abw\u00e4rts sortierte Liste von Eintr\u00e4gen, die in bestimmten Abst\u00e4nden umbrochen wird. Der Blogger ist Hauptverfasser des Inhalts, und h\u00e4ufig sind die Beitr\u00e4ge aus der <a title=\"Erz\u00e4hlperspektive\" href=\"https:\/\/de.wikipedia.org\/wiki\/Erz%C3%A4hlperspektive\">Ich-Perspektive<\/a> geschrieben. Das Blog bildet ein Medium zur Darstellung von Aspekten des eigenen Lebens und von Meinungen zu spezifischen Themen, je nach Professionalit\u00e4t bis in die N\u00e4he einer <a title=\"Internet-Zeitung\" href=\"https:\/\/de.wikipedia.org\/wiki\/Internet-Zeitung\">Internet-Zeitung<\/a> mit besonderem Gewicht auf <a title=\"Kommentar (Journalismus)\" href=\"https:\/\/de.wikipedia.org\/wiki\/Kommentar_(Journalismus)\">Kommentaren<\/a>. Oft sind auch Kommentare oder Diskussionen der Leser \u00fcber einen Artikel m\u00f6glich. Damit kann das Medium sowohl dem Ablegen von Notizen in einem <a title=\"Zettelkasten\" href=\"https:\/\/de.wikipedia.org\/wiki\/Zettelkasten\">Zettelkasten<\/a>, dem Zug\u00e4nglichmachen von <a title=\"Information\" href=\"https:\/\/de.wikipedia.org\/wiki\/Information\">Informationen<\/a>, <a class=\"mw-redirect\" title=\"Gedanken\" href=\"https:\/\/de.wikipedia.org\/wiki\/Gedanken\">Gedanken<\/a> und <a title=\"Erfahrung\" href=\"https:\/\/de.wikipedia.org\/wiki\/Erfahrung\">Erfahrungen<\/a>, etwas untergeordnet auch der <a title=\"Kommunikation\" href=\"https:\/\/de.wikipedia.org\/wiki\/Kommunikation\">Kommunikation<\/a> dienen, \u00e4hnlich einem <a title=\"Internetforum\" href=\"https:\/\/de.wikipedia.org\/wiki\/Internetforum\">Internetforum<\/a>.<\/p>\n<\/blockquote>\n<h5>Dann werde ich versuchen, dieses &#8218;Tagebuch&#8216; mit sinnvollem, sinnfreien und sonstigen Weisheiten zu f\u00fchren. Da diese WebSeite auf meinen beruflichen Alltag, ein wenig Kundenakquise und Kundeninformation zugeschnitten ist, wird der Inhalt vermutlich auch in diese &#8218;Business&#8216; Richtung gehen. Aber wie sagte schon unser Fussballkaiser Franz :&nbsp; &#8218;Schaun mir mal&#8216;<\/h5>\n<p><strong>Welcher Blog interessiert Dich ?<\/strong><\/p>\n\n\n<figure class=\"wp-block-image size-large is-resized\"><a href=\"https:\/\/www.m-b-soft.de\/?page_id=411\"><img loading=\"lazy\" src=\"https:\/\/www.m-b-soft.de\/wp-content\/uploads\/2020\/04\/WP_PIC.png\" alt=\"\" class=\"wp-image-413\" width=\"98\" height=\"98\" srcset=\"https:\/\/www.m-b-soft.de\/wp-content\/uploads\/2020\/04\/WP_PIC.png 225w, https:\/\/www.m-b-soft.de\/wp-content\/uploads\/2020\/04\/WP_PIC-150x150.png 150w\" sizes=\"(max-width: 98px) 100vw, 98px\" \/><\/a><figcaption>Meine, Deine, unsere Erfahrungen mit WP<\/figcaption><\/figure>\n\n\n\n<p><\/p>\n","protected":false},"excerpt":{"rendered":"<p>Jede gute WebSeite hat heut&#8216; zu Tage einen Blog, habe ich im Lauf der Zeit gelernt. Also muss auch diese Seite einen Blog&#8230;<\/p>\n","protected":false},"author":1,"featured_media":190,"parent":0,"menu_order":0,"comment_status":"open","ping_status":"closed","template":"","meta":[],"_links":{"self":[{"href":"https:\/\/www.m-b-soft.de\/index.php?rest_route=\/wp\/v2\/pages\/81"}],"collection":[{"href":"https:\/\/www.m-b-soft.de\/index.php?rest_route=\/wp\/v2\/pages"}],"about":[{"href":"https:\/\/www.m-b-soft.de\/index.php?rest_route=\/wp\/v2\/types\/page"}],"author":[{"embeddable":true,"href":"https:\/\/www.m-b-soft.de\/index.php?rest_route=\/wp\/v2\/users\/1"}],"replies":[{"embeddable":true,"href":"https:\/\/www.m-b-soft.de\/index.php?rest_route=%2Fwp%2Fv2%2Fcomments&post=81"}],"version-history":[{"count":18,"href":"https:\/\/www.m-b-soft.de\/index.php?rest_route=\/wp\/v2\/pages\/81\/revisions"}],"predecessor-version":[{"id":421,"href":"https:\/\/www.m-b-soft.de\/index.php?rest_route=\/wp\/v2\/pages\/81\/revisions\/421"}],"wp:featuredmedia":[{"embeddable":true,"href":"https:\/\/www.m-b-soft.de\/index.php?rest_route=\/wp\/v2\/media\/190"}],"wp:attachment":[{"href":"https:\/\/www.m-b-soft.de\/index.php?rest_route=%2Fwp%2Fv2%2Fmedia&parent=81"}],"curies":[{"name":"wp","href":"https:\/\/api.w.org\/{rel}","templated":true}]}}