{"id":79,"date":"2020-04-13T00:09:57","date_gmt":"2020-04-12T22:09:57","guid":{"rendered":"https:\/\/wordpress.m-b-soft.de\/?page_id=79"},"modified":"2020-11-13T01:06:57","modified_gmt":"2020-11-13T00:06:57","slug":"ueber-uns","status":"publish","type":"page","link":"https:\/\/www.m-b-soft.de\/?page_id=79","title":{"rendered":"\u00dcber mich"},"content":{"rendered":"\n<div class=\"wp-block-media-text alignwide is-stacked-on-mobile\" style=\"grid-template-columns:17% auto\"><figure class=\"wp-block-media-text__media\"><img loading=\"lazy\" width=\"1024\" height=\"820\" src=\"https:\/\/wordpress.m-b-soft.de\/wp-content\/uploads\/2020\/04\/mb-1024x820.png\" alt=\"\" class=\"wp-image-350\" srcset=\"https:\/\/www.m-b-soft.de\/wp-content\/uploads\/2020\/04\/mb-1024x820.png 1024w, https:\/\/www.m-b-soft.de\/wp-content\/uploads\/2020\/04\/mb-300x240.png 300w, https:\/\/www.m-b-soft.de\/wp-content\/uploads\/2020\/04\/mb-768x615.png 768w, https:\/\/www.m-b-soft.de\/wp-content\/uploads\/2020\/04\/mb.png 1054w\" sizes=\"(max-width: 1024px) 100vw, 1024px\" \/><\/figure><div class=\"wp-block-media-text__content\">\n<h3 class=\"has-text-align-left\">Als freiberuflicher, unternehmerisch denkender Mensch, Programm-Manager, Projekt-Leiter, Test-Manager und PKI Architekt, der sowohl in Linien- als auch in Projektverantwortung, leitend und als Teamplayer seine breiten Erfahrungen aus Mittelstand und Konzernen im internationalen IT-Management einbringt, manage ich branchen\u00fcbergreifend, agil u. klassisch, Ver\u00e4nderungsprozesse und Projekte, entwickle IT-Strategien und setze diese um.<\/h3>\n\n\n\n<h2><span style=\"color:#2c8766\" class=\"tadv-color\">Living challenges to the full, it\u2019s in my DNA<\/span><\/h2>\n\n\n\n<p><\/p>\n<\/div><\/div>\n\n\n\n<h1><a name=\"_Toc36807889\"><\/a> <strong>Spezialkenntnisse und Fertigkeiten<\/strong><\/h1>\n<ul>\n<li>Projektleitung und Management, Teilprojektleitung, PMO, Schulungsleitung und Durchf\u00fchrung<\/li>\n<li>PKI Engineer und Consultant<\/li>\n<li>Entwicklung u. Einf\u00fchrung von Warenwirtschaftsl\u00f6sungen und Kassensystemen im osteurop\u00e4ischen Ausland, wo spezielle Fiskalgesetzgebungen und Evaluierungsverfahren vorgeschrieben sind.<\/li>\n<li>Einf\u00fchrung von Warenwirtschaften und Kassensystemen im Deutschland, Schweiz, Holland, Luxemburg, Tschechien, Polen, Ungarn u. Italien<\/li>\n<li>EDI-Fakt (Entwicklung eines Subset f\u00fcr den M\u00f6belhandel)<\/li>\n<li>Ausbildereignungspr\u00fcfung und \u2013schein<\/li>\n<li>von 1990 bis 2005 Berufung zum Pr\u00fcfer bei der IHK-Koblenz f\u00fcr alle kaufm. Berufe und IT-Berufsbilder<\/li>\n<li>fundierte kaufm\u00e4nnische und volkswirtschaftliche Kenntnisse (Studium im Mittelrheinmodell der VWL\/BWL)<\/li>\n<li>fundierte Buchhaltungskenntnisse (Bilanzsicher), Controlling<\/li>\n<li>Personalf\u00fchrung und Teamleitung, Staffing<\/li>\n<li>Unternehmensberatung im betriebswirtschaftlichen und IT-Umfeld<\/li>\n<li>Security, Verschl\u00fcsselungen, PKI-Umfeld, IRM\/DRM\/RMS, Zertifikate, Device Security, LanCrypt, MS-Zertifikat Template und Policy<\/li>\n<li>Erfahrungen mit den Produkten diverser f\u00fchrender PKI Hersteller (Nexus, Primekey, Microsoft, Venafi)<\/li>\n<li>Dokumentationen, Reporting, Publikationen, Onlinehilfen<\/li>\n<li>Stressfrei mit hohen sozialen und interkulturellen Skills<\/li>\n<li>sehr gute Kenntnisse der MS-Office Produktpalette bis MS-Office 2016, OWA, MS-Sharepoint<\/li>\n<li>sehr gute Kenntnisse der MS-Betriebssysteme<br \/>(NT 4, Win 2000, 2003, Vista, XP, Win 95, 98, ME, Win2003 Server, Win2007 Server, Win2008 Server, Win Server2012, Win Server 2016, Windows 7, Windows 8 und 8.1, Windows 10, WinMobil8 (Fon), WinMobil10 (Fon), IOS, OSX<\/li>\n<li>sehr gute Kenntnisse in IRM (Information Rights Management) mit Microsoft RMS \/ DRM sowie Adobe.<\/li>\n<li>sehr gute Kenntnisse der MS-Mobile 5, 6 und 8 Produkte sowie der zugeh\u00f6renden Hardwarepalette (Blackberry, mobile Devices, HTC, Huawei, Samsung, Nokia, Microsoft etc.)<\/li>\n<li>sehr gute Kenntnisse in Testing und Testmanagement<\/li>\n<li>Konzernkenntnisse und Erfahrungen<\/li>\n<li>ITIL V3 Zertifizierung<\/li>\n<li>CPRE nach IREP Zertifizierung (Certified Professional for Requirements Engineering)<\/li>\n<li>Certified engineer totemomail 6.0 (Totemo Secure Mail)<\/li>\n<li>Projektmanager (IHK) Zertifizierung<\/li>\n<li>sehr gute organisatorische u. kommunikative F\u00e4higkeiten und Skills, Moderatorenskill in D und E<\/li>\n<li>Konzern- und Gro\u00dfkundenerfahrungen bei Banken, Versicherungen, Energie, Chemie, Telekommunikation, Beh\u00f6rdenumfeld<\/li>\n<li>RollOut Management, Planung und Koordination f\u00fcr WIN7, Office2010, 2016, 2019 und PKI f\u00fcr bis zu 140.000 Clients<\/li>\n<li>SHA1 nach SHA2 Migrationen<\/li>\n<li>PKI &#8211; Key(store)management (KMS \/ CMS)<\/li>\n<li>Erweiterte Kenntnisse der DB RRiL, des AEG (Allgemeine <em>Eisenbahngesetz<\/em>) sowie ETCS<\/li>\n<li>DSGVO \/ BDSG incl. Anh\u00e4ngen und Aktualisierungen<\/li>\n<\/ul>\n\n\n\n<p class=\"has-text-align-center\"><strong>Den kompletten CV finden Sie im Download Bereich der Seite<\/strong><\/p>\n","protected":false},"excerpt":{"rendered":"<p>Als freiberuflicher, unternehmerisch denkender Mensch, Programm-Manager, Projekt-Leiter, Test-Manager und PKI Architekt, der sowohl in Linien- als auch in Projektverantwortung, leitend und als Teamplayer&#8230;<\/p>\n","protected":false},"author":1,"featured_media":187,"parent":0,"menu_order":0,"comment_status":"closed","ping_status":"closed","template":"","meta":[],"_links":{"self":[{"href":"https:\/\/www.m-b-soft.de\/index.php?rest_route=\/wp\/v2\/pages\/79"}],"collection":[{"href":"https:\/\/www.m-b-soft.de\/index.php?rest_route=\/wp\/v2\/pages"}],"about":[{"href":"https:\/\/www.m-b-soft.de\/index.php?rest_route=\/wp\/v2\/types\/page"}],"author":[{"embeddable":true,"href":"https:\/\/www.m-b-soft.de\/index.php?rest_route=\/wp\/v2\/users\/1"}],"replies":[{"embeddable":true,"href":"https:\/\/www.m-b-soft.de\/index.php?rest_route=%2Fwp%2Fv2%2Fcomments&post=79"}],"version-history":[{"count":24,"href":"https:\/\/www.m-b-soft.de\/index.php?rest_route=\/wp\/v2\/pages\/79\/revisions"}],"predecessor-version":[{"id":426,"href":"https:\/\/www.m-b-soft.de\/index.php?rest_route=\/wp\/v2\/pages\/79\/revisions\/426"}],"wp:featuredmedia":[{"embeddable":true,"href":"https:\/\/www.m-b-soft.de\/index.php?rest_route=\/wp\/v2\/media\/187"}],"wp:attachment":[{"href":"https:\/\/www.m-b-soft.de\/index.php?rest_route=%2Fwp%2Fv2%2Fmedia&parent=79"}],"curies":[{"name":"wp","href":"https:\/\/api.w.org\/{rel}","templated":true}]}}