{"id":290,"date":"2020-04-14T21:09:22","date_gmt":"2020-04-14T19:09:22","guid":{"rendered":"https:\/\/wordpress.m-b-soft.de\/?page_id=290"},"modified":"2020-04-14T22:13:18","modified_gmt":"2020-04-14T20:13:18","slug":"mbs-ww","status":"publish","type":"page","link":"https:\/\/www.m-b-soft.de\/?page_id=290","title":{"rendered":"MBS WW"},"content":{"rendered":"<h3 style=\"text-align: center;\"><span style=\"color: #0000ff;\">MBS WW &#8211; Die Warenwirtschaft f\u00fcr den M\u00f6belhandel<\/span><br \/>\n<span style=\"color: #0000ff;\">M\u00f6belorganisation \u2013 Leicht &#8211; Individuell<\/span><\/h3>\n<h3 style=\"text-align: left;\">\nKlare Linien, durchdachte Konzeptionen, Online-Hilfe, praxisorientierte Leistungsmerkmale. MBS WW verf\u00fcgt \u00fcber eine Firmen\u00fcbergreifende, erm\u00fcdungsfreie Bedieneroberfl\u00e4chen geh\u00f6ren zu den wesentlichen Anforderungen an eine moderne Software. Diesen Anforderungen wird MBS WW gerecht.<\/h3>\n<h3 style=\"text-align: left;\">\nDas MBS-Gesamtkonzept beinhaltet:<br \/>\n\u2022 Komplette Warenwirtschaft<br \/>\n\u2022 Mandanten \/ Filialen<br \/>\n\u2022 Kassenverwaltung<br \/>\n\u2022 Kundendienst<br \/>\n\u2022 Debitoren OP-Verwaltung<br \/>\n\u2022 Werbung<br \/>\n\u2022 Mailing<br \/>\n\u2022 Zeitmanagement<br \/>\n\u2022 SQL<\/h3>\n<h3 style=\"text-align: left;\">\nErweiterte Funktionen von MBS WW<br \/>\n\u2022 Faxserverl\u00f6sung<br \/>\n\u2022 Fremdsprachenf\u00e4hig<br \/>\n\u2022 Fremdw\u00e4hrungsf\u00e4hig<br \/>\n\u2022 Zentrale Stammdatenverwaltung<br \/>\n\u2022 Div. Verbandssoftware Software<br \/>\n\u2022 Finanzbuchhaltung<br \/>\n\u2022 Interne Warenverrechnung<\/h3>\n<h3 style=\"text-align: left;\">\n<span style=\"color: #0000ff;\">Neuentwicklung<\/span><br \/>\nMBS WW ist eine komplette Neuentwicklung. Die Anwendung wird auf der jeweils aktuellsten Version des Datenbank Managementsystems \u201aCache\u2019 (C by Intersystems Corp.) entwickelt. Die Softwarel\u00f6sung wird permanent aktualisiert und an die aktuellen Anforderungen des Marktes angepasst.<\/h3>\n<h3 style=\"text-align: left;\"><span style=\"color: #0000ff;\">Systemvoraussetzungen<\/span><br \/>\nMBS WW ist Hardwareseitig absolut Hersteller unabh\u00e4ngig und somit auf<br \/>\njedem Rechnersystem einsetzbar. Die Software arbeitet unter allen aktuellen Betriebssystemen.<\/h3>\n<h3><span style=\"color: #3366ff;\">Staatsrechtliches<\/span><br \/>\nMBS WW ist in Deutschland, Tschechien, Polen, Ungarn und Italien installiert. Die gesamte Software ist an die unterschiedlichen rechtlichen Gegebenheiten der einzelnen L\u00e4nder angepasst und wird laufend aktualisiert.<\/h3>\n<h2 style=\"text-align: center;\"><span style=\"color: #ff0000;\">F\u00fcr weitere Informationen rufen Sie mich einfach an<\/span><\/h2>\n","protected":false},"excerpt":{"rendered":"<p>MBS WW &#8211; Die Warenwirtschaft f\u00fcr den M\u00f6belhandel M\u00f6belorganisation \u2013 Leicht &#8211; Individuell Klare Linien, durchdachte Konzeptionen, Online-Hilfe, praxisorientierte Leistungsmerkmale. MBS WW verf\u00fcgt&#8230;<\/p>\n","protected":false},"author":1,"featured_media":0,"parent":0,"menu_order":0,"comment_status":"closed","ping_status":"closed","template":"","meta":[],"_links":{"self":[{"href":"https:\/\/www.m-b-soft.de\/index.php?rest_route=\/wp\/v2\/pages\/290"}],"collection":[{"href":"https:\/\/www.m-b-soft.de\/index.php?rest_route=\/wp\/v2\/pages"}],"about":[{"href":"https:\/\/www.m-b-soft.de\/index.php?rest_route=\/wp\/v2\/types\/page"}],"author":[{"embeddable":true,"href":"https:\/\/www.m-b-soft.de\/index.php?rest_route=\/wp\/v2\/users\/1"}],"replies":[{"embeddable":true,"href":"https:\/\/www.m-b-soft.de\/index.php?rest_route=%2Fwp%2Fv2%2Fcomments&post=290"}],"version-history":[{"count":8,"href":"https:\/\/www.m-b-soft.de\/index.php?rest_route=\/wp\/v2\/pages\/290\/revisions"}],"predecessor-version":[{"id":303,"href":"https:\/\/www.m-b-soft.de\/index.php?rest_route=\/wp\/v2\/pages\/290\/revisions\/303"}],"wp:attachment":[{"href":"https:\/\/www.m-b-soft.de\/index.php?rest_route=%2Fwp%2Fv2%2Fmedia&parent=290"}],"curies":[{"name":"wp","href":"https:\/\/api.w.org\/{rel}","templated":true}]}}