{"id":260,"date":"2020-04-13T23:09:58","date_gmt":"2020-04-13T21:09:58","guid":{"rendered":"https:\/\/wordpress.m-b-soft.de\/?page_id=260"},"modified":"2020-04-18T15:58:03","modified_gmt":"2020-04-18T13:58:03","slug":"dsgvo","status":"publish","type":"page","link":"https:\/\/www.m-b-soft.de\/?page_id=260","title":{"rendered":"DSGVO"},"content":{"rendered":"\n<h2>was ist das und wozu<\/h2>\n\n\n\n<p>Seit Mai 2018 ist die europ\u00e4ische Datenschutzrichtlinie mit der Bezeichnung <strong>Datenschutz-Grundverordnun<\/strong>g (DSGVO) in Kraft. Diese Regulierung betrifft die Datenschutzgesetze in allen L\u00e4ndern der EU und des EWR. Sie gilt f\u00fcr alle Unternehmen, die Produkte an europ\u00e4ische B\u00fcrger verkaufen und deren personenbezogene Daten speichern, einschlie\u00dflich Firmen auf anderen Kontinenten. Die neue Richtlinie gibt EU- und EWR-B\u00fcrgern mehr Kontrolle \u00fcber ihre personenbezogenen Daten und stellt sicher, dass ihre Informationen europaweit gesch\u00fctzt sind.<\/p>\n\n\n\n<p>Gem\u00e4\u00df der DSGVO sind personenbezogene Daten alle Daten einer Person, wie Namen, Fotos, E-Mail-Adressen, Bankdaten, Beitr\u00e4ge in den Social Media, Angaben zum Wohnort, medizinische Daten oder IP-Adressen.<\/p>\n\n\n\n<p>Es wird nicht unterschieden zwischen personenbezogenen Daten im privaten, \u00f6ffentlichen oder arbeitsbezogenen Umfeld einer Person \u2013 es geht immer um die Person selbst. Auch im B2B-Bereich geht es immer um Einzelpersonen, die Informationen mit- und \u00fcbereinander austauschen. Kunden in B2B-M\u00e4rkten sind nat\u00fcrlich Unternehmen, doch die Gesch\u00e4ftsbeziehungen werden von einzelnen Personen gepflegt.<\/p>\n\n\n\n<h2>Nach der <a href=\"http:\/\/www.eugdpr.org\/\">DSGVO<\/a> haben Einzelpersonen folgende Rechte:<\/h2>\n\n\n\n<h4>1.&nbsp;Zustimmung muss erteilt werden<\/h4>\n\n\n\n<p>Unternehmen d\u00fcrfen personenbezogene Daten nur dann verarbeiten, wenn<br>die betreffende Person freiwillig eine spezifische, wissentliche und eindeutige Zustimmung entweder durch eine Erkl\u00e4rung oder aktive Best\u00e4tigung erteilt hat.&nbsp;<\/p>\n\n\n\n<h4>2. Das Recht auf Zugang<\/h4>\n\n\n\n<p>Einzelpersonen haben das Recht, auf ihre personenbezogenen Daten zuzugreifen und zu erfahren, wie ihre Daten von dem Unternehmen, das diese Daten erfasst hat, verwendet werden. Das Unternehmen muss eine Kopie der personenbezogenen Daten kostenlos und im elektronischen Format bereitstellen, wenn die Person dies w\u00fcnscht.<\/p>\n\n\n\n<h4>3. Das Recht auf Vergessenwerden<\/h4>\n\n\n\n<p>Wenn Kunden keine Kunden mehr sind, oder wenn sie einem Unternehmen die Zustimmung zur Verwendung ihrer personenbezogenen Daten entziehen, so haben sie das Recht darauf, dass ihre Daten gel\u00f6scht werden.<\/p>\n\n\n\n<h4>4. Das Recht auf&nbsp;Daten\u00fcbertragbarkeit &nbsp;<\/h4>\n\n\n\n<p>Einzelpersonen haben das Recht, ihre Daten von einem Serviceanbieter auf den anderen zu \u00fcbertragen. Die \u00dcbertragung muss in einem g\u00e4ngigen und maschinenlesbaren Format erfolgen.<\/p>\n\n\n\n<h4>5. Das Informationsrecht<\/h4>\n\n\n\n<p>Dies gilt f\u00fcr jede Erfassung von Daten durch Unternehmen. Einzelpersonen m\u00fcssen informiert werden, bevor Daten gesammelt werden. Verbraucher m\u00fcssen der Erfassung ihrer Daten zustimmen und die Zustimmung muss ausdr\u00fccklich und nicht stillschweigend erteilt werden<\/p>\n\n\n\n<h4>6. Das Recht auf Berichtigung<\/h4>\n\n\n\n<p>Einzelpersonen k\u00f6nnen ihre Daten berichtigen lassen, wenn diese veraltet, unvollst\u00e4ndig oder falsch sind.<\/p>\n\n\n\n<h4>7. Das Recht auf Einschr\u00e4nkung<\/h4>\n\n\n\n<p>Einzelpersonen k\u00f6nnen verlangen, dass ihre Daten nicht weiterverarbeitet werden. Der Datensatz bleibt bestehen, wird aber nicht verwendet.<\/p>\n\n\n\n<h4>8. Das Recht auf Einspruch<\/h4>\n\n\n\n<p>Einzelpersonen haben das Recht, gegen die Verwendung von Daten f\u00fcr direktes Marketing Einspruch einzulegen. Diese Regelung gilt ausnahmslos. Sobald der Antrag vorliegt, d\u00fcrfen die Daten nicht mehr verwendet werden. Ebenso muss dieses Recht Einzelpersonen von vornherein mitgeteilt werden.<\/p>\n\n\n\n<h4>9. Das Recht auf Benachrichtigung<\/h4>\n\n\n\n<p>Wenn es zu einer Verletzung der Datensicherheit kommt, die die personenbezogenen Daten betreffen, hat die betroffene Person das Recht, innerhalb von 72 Stunden, nachdem die Verletzung bekannt wurde, informiert zu werden.<\/p>\n\n\n\n<p>Mit der DSGVO gibt die EU Einzelpersonen, Interessenten, Kunden, Lieferanten und Mitarbeitern mehr Kontrolle \u00fcber ihre Daten. Die Kontrolle der Unternehmen, die diese Daten zu kommerziellen Zwecken erfassen und verwenden, wird damit geringer. Es ist nicht das Ziel der Verordnung, Gesch\u00e4fte zu unterbinden oder zu erschweren. Vielmehr sollen die Aufbewahrung und Verwendung personenbezogener Daten transparenter werden.&nbsp;&nbsp;&nbsp;&nbsp;&nbsp;&nbsp; <sub>https:\/\/www.superoffice.de\/quellen\/artikel\/was-ist-DSGVO\/<\/sub><\/p>\n\n\n\n<p><strong>Den originalen Gesetztext finden sie hier:<\/strong><\/p>\n\n\n\n<p><a href=\"https:\/\/de.wikipedia.org\/wiki\/Datenschutz-Grundverordnung\">https:\/\/de.wikipedia.org\/wiki\/Datenschutz-Grundverordnung<\/a><\/p>\n\n\n\n<h3><span style=\"color: #ff0000;\">Sie m\u00fcssen mehr wissen oder haben sogar Probleme mit bzw. wegen DSGVO ?<\/span><\/h3>\n<h3 style=\"text-align: center;\"><span style=\"color: #ff0000;\">\u00a0\u00a0 Rufen Sie mich an !<br \/><\/span><\/h3>\n","protected":false},"excerpt":{"rendered":"<p>was ist das und wozu Seit Mai 2018 ist die europ\u00e4ische Datenschutzrichtlinie mit der Bezeichnung Datenschutz-Grundverordnung (DSGVO) in Kraft. Diese Regulierung betrifft die&#8230;<\/p>\n","protected":false},"author":1,"featured_media":0,"parent":0,"menu_order":0,"comment_status":"closed","ping_status":"closed","template":"","meta":[],"_links":{"self":[{"href":"https:\/\/www.m-b-soft.de\/index.php?rest_route=\/wp\/v2\/pages\/260"}],"collection":[{"href":"https:\/\/www.m-b-soft.de\/index.php?rest_route=\/wp\/v2\/pages"}],"about":[{"href":"https:\/\/www.m-b-soft.de\/index.php?rest_route=\/wp\/v2\/types\/page"}],"author":[{"embeddable":true,"href":"https:\/\/www.m-b-soft.de\/index.php?rest_route=\/wp\/v2\/users\/1"}],"replies":[{"embeddable":true,"href":"https:\/\/www.m-b-soft.de\/index.php?rest_route=%2Fwp%2Fv2%2Fcomments&post=260"}],"version-history":[{"count":4,"href":"https:\/\/www.m-b-soft.de\/index.php?rest_route=\/wp\/v2\/pages\/260\/revisions"}],"predecessor-version":[{"id":402,"href":"https:\/\/www.m-b-soft.de\/index.php?rest_route=\/wp\/v2\/pages\/260\/revisions\/402"}],"wp:attachment":[{"href":"https:\/\/www.m-b-soft.de\/index.php?rest_route=%2Fwp%2Fv2%2Fmedia&parent=260"}],"curies":[{"name":"wp","href":"https:\/\/api.w.org\/{rel}","templated":true}]}}