{"id":142,"date":"2020-04-13T12:44:31","date_gmt":"2020-04-13T10:44:31","guid":{"rendered":"https:\/\/wordpress.m-b-soft.de\/?page_id=142"},"modified":"2020-04-15T21:48:56","modified_gmt":"2020-04-15T19:48:56","slug":"mbs-startseite","status":"publish","type":"page","link":"https:\/\/www.m-b-soft.de\/","title":{"rendered":""},"content":{"rendered":"<div class=\"c-stage__overlay--top\">\n<div class=\"c-stage__textContainer\">\n<div class=\"c-stage__text\">\n<h1 class=\"c-stage__h\" style=\"text-align: center;\"><span style=\"color: #ff0000;\"><span style=\"color: #000000;\">Wir helfen bei der Digitalisierung <\/span><strong>Ihrer Welt<\/strong>!<\/span><\/h1>\n<div class=\"c-stage__p\">\n<h4 style=\"text-align: center;\">Als international erfolgreicher IT-Dienstleister beraten und begleiten wir Sie in allen Belangen der Digitalisierung. Wir helfen bei der Suche nach ma\u00dfgeschneiderten Technologien f\u00fcr eine agile, flexible und sichere IT in unsicheren Zeiten. Profitieren Sie von unseren langj\u00e4hrigen Erfahrung mit den Produkten marktf\u00fchrender Hersteller. Lassen Sie sich individuell und bedarfsgerecht beraten.<\/h4>\n<h3 style=\"text-align: center;\"><span style=\"color: #ff0000;\">Consulting, Projektmanagement, PKI Architektur, Cyber Security, Schulung, Betrieb<\/span><\/h3>\n<p>\u00a0<\/p>\n<\/div>\n<\/div>\n<\/div>\n<\/div>\n\n\n<div class=\"wp-block-group alignwide\"><div class=\"wp-block-group__inner-container\">\n<div class=\"wp-block-group alignwide\"><div class=\"wp-block-group__inner-container\">\n<div class=\"wp-block-media-text alignwide is-stacked-on-mobile\">\n<figure class=\"wp-block-media-text__media\"><a href=\"https:\/\/wordpress.m-b-soft.de\/?page_id=260\"><img loading=\"lazy\" class=\"wp-image-333\" src=\"https:\/\/wordpress.m-b-soft.de\/wp-content\/uploads\/2020\/04\/dsgvo-3958460__480.jpg\" alt=\"\" width=\"311\" height=\"207\" srcset=\"https:\/\/www.m-b-soft.de\/wp-content\/uploads\/2020\/04\/dsgvo-3958460__480.jpg 720w, https:\/\/www.m-b-soft.de\/wp-content\/uploads\/2020\/04\/dsgvo-3958460__480-300x200.jpg 300w\" sizes=\"(max-width: 311px) 100vw, 311px\" \/><\/a><\/figure>\n<\/div>\n<h6>Seit Mai 2018 Pflicht in der EU und dem EU Wirtschaftsraum.<br>Vieles gilt es zu beachten. Ich helfe Ihnen dabei.<\/h6>\n<\/div><\/div>\n<\/div><\/div>\n\n\n\n<p><\/p>\n","protected":false},"excerpt":{"rendered":"<p>Wir helfen bei der Digitalisierung Ihrer Welt! Als international erfolgreicher IT-Dienstleister beraten und begleiten wir Sie in allen Belangen der Digitalisierung. Wir helfen&#8230;<\/p>\n","protected":false},"author":1,"featured_media":0,"parent":0,"menu_order":0,"comment_status":"closed","ping_status":"closed","template":"","meta":[],"_links":{"self":[{"href":"https:\/\/www.m-b-soft.de\/index.php?rest_route=\/wp\/v2\/pages\/142"}],"collection":[{"href":"https:\/\/www.m-b-soft.de\/index.php?rest_route=\/wp\/v2\/pages"}],"about":[{"href":"https:\/\/www.m-b-soft.de\/index.php?rest_route=\/wp\/v2\/types\/page"}],"author":[{"embeddable":true,"href":"https:\/\/www.m-b-soft.de\/index.php?rest_route=\/wp\/v2\/users\/1"}],"replies":[{"embeddable":true,"href":"https:\/\/www.m-b-soft.de\/index.php?rest_route=%2Fwp%2Fv2%2Fcomments&post=142"}],"version-history":[{"count":22,"href":"https:\/\/www.m-b-soft.de\/index.php?rest_route=\/wp\/v2\/pages\/142\/revisions"}],"predecessor-version":[{"id":347,"href":"https:\/\/www.m-b-soft.de\/index.php?rest_route=\/wp\/v2\/pages\/142\/revisions\/347"}],"wp:attachment":[{"href":"https:\/\/www.m-b-soft.de\/index.php?rest_route=%2Fwp%2Fv2%2Fmedia&parent=142"}],"curies":[{"name":"wp","href":"https:\/\/api.w.org\/{rel}","templated":true}]}}