{"id":110,"date":"2020-04-13T00:24:31","date_gmt":"2020-04-12T22:24:31","guid":{"rendered":"https:\/\/wordpress.m-b-soft.de\/?page_id=110"},"modified":"2020-04-19T00:55:26","modified_gmt":"2020-04-18T22:55:26","slug":"pki","status":"publish","type":"page","link":"https:\/\/www.m-b-soft.de\/?page_id=110","title":{"rendered":"PKI"},"content":{"rendered":"<h5>Mit PKI (<b>Public-Key-Infrastruktur,<\/b> englisch: <span lang=\"en-Latn\">public key infrastructure<\/span>) bezeichnet man in der <a title=\"Kryptologie\" href=\"https:\/\/de.wikipedia.org\/wiki\/Kryptologie\">Kryptologie<\/a> ein System, das <a title=\"Digitales Zertifikat\" href=\"https:\/\/de.wikipedia.org\/wiki\/Digitales_Zertifikat\">digitale Zertifikate<\/a> ausstellen, verteilen und pr\u00fcfen kann. Die innerhalb einer PKI ausgestellten Zertifikate werden zur Absicherung rechnergest\u00fctzter Kommunikation verwendet.<\/h5>\n<h6>Man k\u00f6nnte hier jetzt Unmengen an Text schreiben, alle m\u00f6glichen Modelle entwickeln, erkl\u00e4ren &#8230; das w\u00e4re sicherlich ganz toll zu lesen. Aber genau das gibt es bereits in rauen Mengen. Schlaue Menschen haben dicke B\u00fccher geschrieben und so ziemlich alles darin erkl\u00e4rt, was es \u00fcber PKI&#8217;en zu erkl\u00e4ren gibt. Deshalb beschr\u00e4nke ich mich auf einen allgemeing\u00fcltigen Link. Dort wird das wichtigste erkl\u00e4rt.<\/h6>\n<h5><strong>\u00a0 \u00a0 \u00a0 \u00a0 \u00a0 \u00a0 \u00a0 \u00a0 \u00a0 \u00a0 \u00a0 \u00a0 \u00a0 \u00a0 \u00a0 \u00a0 \u00a0 \u00a0 \u00a0 \u00a0 \u00a0 \u00a0 \u00a0 \u00a0 \u00a0 \u00a0 <a href=\"https:\/\/de.wikipedia.org\/wiki\/Public-Key-Infrastruktur\">Wikipedia<\/a><\/strong><\/h5>\n<h6>Alles was dar\u00fcber hinaus geht, bedarf einer Analyse dessen, was Sie selbst ben\u00f6tigen und sichern wollen. <span style=\"color: #ff0000;\">Rufen Sie mich an.<\/span> Gerne helfe ich bei einer ma\u00dfgeschneiderten PKI f\u00fcr Ihre Anforderungen.<\/h6>\n","protected":false},"excerpt":{"rendered":"<p>Mit PKI (Public-Key-Infrastruktur, englisch: public key infrastructure) bezeichnet man in der Kryptologie ein System, das digitale Zertifikate ausstellen, verteilen und pr\u00fcfen kann. Die&#8230;<\/p>\n","protected":false},"author":1,"featured_media":0,"parent":0,"menu_order":0,"comment_status":"closed","ping_status":"closed","template":"","meta":[],"_links":{"self":[{"href":"https:\/\/www.m-b-soft.de\/index.php?rest_route=\/wp\/v2\/pages\/110"}],"collection":[{"href":"https:\/\/www.m-b-soft.de\/index.php?rest_route=\/wp\/v2\/pages"}],"about":[{"href":"https:\/\/www.m-b-soft.de\/index.php?rest_route=\/wp\/v2\/types\/page"}],"author":[{"embeddable":true,"href":"https:\/\/www.m-b-soft.de\/index.php?rest_route=\/wp\/v2\/users\/1"}],"replies":[{"embeddable":true,"href":"https:\/\/www.m-b-soft.de\/index.php?rest_route=%2Fwp%2Fv2%2Fcomments&post=110"}],"version-history":[{"count":17,"href":"https:\/\/www.m-b-soft.de\/index.php?rest_route=\/wp\/v2\/pages\/110\/revisions"}],"predecessor-version":[{"id":420,"href":"https:\/\/www.m-b-soft.de\/index.php?rest_route=\/wp\/v2\/pages\/110\/revisions\/420"}],"wp:attachment":[{"href":"https:\/\/www.m-b-soft.de\/index.php?rest_route=%2Fwp%2Fv2%2Fmedia&parent=110"}],"curies":[{"name":"wp","href":"https:\/\/api.w.org\/{rel}","templated":true}]}}